{"id":1181,"date":"2025-10-17T16:37:13","date_gmt":"2025-10-17T14:37:13","guid":{"rendered":"https:\/\/agroassessor.com\/consultoria-online\/"},"modified":"2025-11-19T14:16:12","modified_gmt":"2025-11-19T13:16:12","slug":"consultoria-online","status":"publish","type":"page","link":"https:\/\/agroassessor.com\/es\/consultoria-online\/","title":{"rendered":"Consultor\u00eda online"},"content":{"rendered":"\t\t<div data-elementor-type=\"wp-page\" data-elementor-id=\"1181\" class=\"elementor elementor-1181\" data-elementor-post-type=\"page\">\n\t\t\t\t<div class=\"elementor-element elementor-element-36b4907c e-flex e-con-boxed e-con e-parent\" data-id=\"36b4907c\" data-element_type=\"container\" data-e-type=\"container\" data-settings=\"{&quot;background_background&quot;:&quot;classic&quot;}\">\n\t\t\t\t\t<div class=\"e-con-inner\">\n\t\t<div class=\"elementor-element elementor-element-1a10fb42 e-con-full e-flex e-con e-child\" data-id=\"1a10fb42\" data-element_type=\"container\" data-e-type=\"container\">\n\t\t\t\t<div class=\"elementor-element elementor-element-2d1bea0e elementor-widget elementor-widget-gum_heading\" data-id=\"2d1bea0e\" data-element_type=\"widget\" data-e-type=\"widget\" data-widget_type=\"gum_heading.default\">\n\t\t\t\t<div class=\"elementor-widget-container\">\n\t\t\t\t\t<div class=\"gum-widget-title\"><h2 class=\"section-main-title size-default\">Consultor\u00eda online<\/h2><\/div>\t\t\t\t<\/div>\n\t\t\t\t<\/div>\n\t\t\t\t<div class=\"elementor-element elementor-element-628b59e4 elementor-widget elementor-widget-gum_heading\" data-id=\"628b59e4\" data-element_type=\"widget\" data-e-type=\"widget\" data-widget_type=\"gum_heading.default\">\n\t\t\t\t<div class=\"elementor-widget-container\">\n\t\t\t\t\t<div class=\"gum-widget-title\"><h2 class=\"section-main-title size-default\"><span class=\"prefix\">Inici \/ <\/span><span class=\"maintitle\"> Consultoria \/ <\/span><span class=\"subfix\">Consultoria online<\/span><\/h2><\/div>\t\t\t\t<\/div>\n\t\t\t\t<\/div>\n\t\t\t\t<\/div>\n\t\t\t\t\t<\/div>\n\t\t\t\t<\/div>\n\t\t<div class=\"elementor-element elementor-element-6722141e e-flex e-con-boxed e-con e-parent\" data-id=\"6722141e\" data-element_type=\"container\" data-e-type=\"container\">\n\t\t\t\t\t<div class=\"e-con-inner\">\n\t\t<div class=\"elementor-element elementor-element-6e2dd452 e-con-full e-flex e-con e-child\" data-id=\"6e2dd452\" data-element_type=\"container\" data-e-type=\"container\">\n\t\t<div class=\"elementor-element elementor-element-3bb1ad57 e-con-full e-flex e-con e-child\" data-id=\"3bb1ad57\" data-element_type=\"container\" data-e-type=\"container\" data-settings=\"{&quot;background_background&quot;:&quot;classic&quot;}\">\n\t\t<div class=\"elementor-element elementor-element-7acfdfbb e-con-full e-flex e-con e-child\" data-id=\"7acfdfbb\" data-element_type=\"container\" data-e-type=\"container\">\n\t\t<div class=\"elementor-element elementor-element-202627e8 e-con-full e-flex e-con e-child\" data-id=\"202627e8\" data-element_type=\"container\" data-e-type=\"container\" data-settings=\"{&quot;background_background&quot;:&quot;classic&quot;}\">\n\t\t\t\t<\/div>\n\t\t\t\t<\/div>\n\t\t\t\t<\/div>\n\t\t<div class=\"elementor-element elementor-element-297d5921 e-con-full animated-slow e-flex elementor-invisible e-con e-child\" data-id=\"297d5921\" data-element_type=\"container\" data-e-type=\"container\" data-settings=\"{&quot;animation&quot;:&quot;fadeInRight&quot;}\">\n\t\t\t\t<div class=\"elementor-element elementor-element-4cd88298 elementor-widget elementor-widget-heading\" data-id=\"4cd88298\" data-element_type=\"widget\" data-e-type=\"widget\" data-widget_type=\"heading.default\">\n\t\t\t\t<div class=\"elementor-widget-container\">\n\t\t\t\t\t<h2 class=\"elementor-heading-title elementor-size-default\">Servicios<\/h2>\t\t\t\t<\/div>\n\t\t\t\t<\/div>\n\t\t\t\t<div class=\"elementor-element elementor-element-5f2c4e53 elementor-widget elementor-widget-text-editor\" data-id=\"5f2c4e53\" data-element_type=\"widget\" data-e-type=\"widget\" data-widget_type=\"text-editor.default\">\n\t\t\t\t<div class=\"elementor-widget-container\">\n\t\t\t\t\t\t\t\t\t<p>Realizamos sesiones privadas online de consultor\u00eda en agricultura regenerativa. <\/p><p>Resolvemos dudas espec\u00edficas sobre la agricultura regenerativa, aconsejamos en qu\u00e9 t\u00e9cnicas aplicar o la viabilidad de cultivos en tu finca.<\/p><p>Las sesiones tienen una duraci\u00f3n m\u00ednima de una hora. <\/p>\t\t\t\t\t\t\t\t<\/div>\n\t\t\t\t<\/div>\n\t\t\t\t<div class=\"elementor-element elementor-element-8f9e545 elementor-tablet-align-center elementor-widget elementor-widget-button\" data-id=\"8f9e545\" data-element_type=\"widget\" data-e-type=\"widget\" data-widget_type=\"button.default\">\n\t\t\t\t<div class=\"elementor-widget-container\">\n\t\t\t\t\t\t\t\t\t<div class=\"elementor-button-wrapper\">\n\t\t\t\t\t<a class=\"elementor-button elementor-button-link elementor-size-sm\" href=\"https:\/\/agroassessor.com\/es\/contacto\/\">\n\t\t\t\t\t\t<span class=\"elementor-button-content-wrapper\">\n\t\t\t\t\t\t\t\t\t<span class=\"elementor-button-text\">Pide tu cita online<\/span>\n\t\t\t\t\t<\/span>\n\t\t\t\t\t<\/a>\n\t\t\t\t<\/div>\n\t\t\t\t\t\t\t\t<\/div>\n\t\t\t\t<\/div>\n\t\t\t\t<\/div>\n\t\t\t\t<\/div>\n\t\t\t\t\t<\/div>\n\t\t\t\t<\/div>\n\t\t<div class=\"elementor-element elementor-element-6968d8b8 e-flex e-con-boxed e-con e-parent\" data-id=\"6968d8b8\" data-element_type=\"container\" data-e-type=\"container\" data-settings=\"{&quot;background_background&quot;:&quot;classic&quot;}\">\n\t\t\t\t\t<div class=\"e-con-inner\">\n\t\t<div class=\"elementor-element elementor-element-16e03c9d e-con-full animated-slow e-flex elementor-invisible e-con e-child\" data-id=\"16e03c9d\" data-element_type=\"container\" data-e-type=\"container\" data-settings=\"{&quot;animation&quot;:&quot;fadeIn&quot;}\">\n\t\t\t\t<div class=\"elementor-element elementor-element-2f25daf8 elementor-widget elementor-widget-heading\" data-id=\"2f25daf8\" data-element_type=\"widget\" data-e-type=\"widget\" data-widget_type=\"heading.default\">\n\t\t\t\t<div class=\"elementor-widget-container\">\n\t\t\t\t\t<h2 class=\"elementor-heading-title elementor-size-default\">soporte<\/h2>\t\t\t\t<\/div>\n\t\t\t\t<\/div>\n\t\t\t\t<div class=\"elementor-element elementor-element-9b520c1 elementor-widget elementor-widget-heading\" data-id=\"9b520c1\" data-element_type=\"widget\" data-e-type=\"widget\" data-widget_type=\"heading.default\">\n\t\t\t\t<div class=\"elementor-widget-container\">\n\t\t\t\t\t<h2 class=\"elementor-heading-title elementor-size-default\">Estamos aqu\u00ed para ayudarte<\/h2>\t\t\t\t<\/div>\n\t\t\t\t<\/div>\n\t\t\t\t<div class=\"elementor-element elementor-element-139941e0 elementor-widget elementor-widget-text-editor\" data-id=\"139941e0\" data-element_type=\"widget\" data-e-type=\"widget\" data-widget_type=\"text-editor.default\">\n\t\t\t\t<div class=\"elementor-widget-container\">\n\t\t\t\t\t\t\t\t\t<p>Tanto si perteneces al \u00e1mbito p\u00fablico como privado o particular, te ayudamos a hacer realidad tus proyectos. A partir del an\u00e1lisis de la situaci\u00f3n actual y comparaci\u00f3n con casos de \u00e9xito de referencia, vamos a construir, contigo, el plan para conseguirlo.<\/p>\t\t\t\t\t\t\t\t<\/div>\n\t\t\t\t<\/div>\n\t\t\t\t<div class=\"elementor-element elementor-element-162a8b77 elementor-align-center elementor-mobile-align-justify elementor-widget elementor-widget-button\" data-id=\"162a8b77\" data-element_type=\"widget\" data-e-type=\"widget\" data-widget_type=\"button.default\">\n\t\t\t\t<div class=\"elementor-widget-container\">\n\t\t\t\t\t\t\t\t\t<div class=\"elementor-button-wrapper\">\n\t\t\t\t\t<a class=\"elementor-button elementor-button-link elementor-size-sm\" href=\"https:\/\/agroassessor.com\/es\/contacto\/\">\n\t\t\t\t\t\t<span class=\"elementor-button-content-wrapper\">\n\t\t\t\t\t\t<span class=\"elementor-button-icon\">\n\t\t\t\t<i aria-hidden=\"true\" class=\"fas fa-arrow-right\"><\/i>\t\t\t<\/span>\n\t\t\t\t\t\t\t\t\t<span class=\"elementor-button-text\">Env\u00edanos un mensaje<\/span>\n\t\t\t\t\t<\/span>\n\t\t\t\t\t<\/a>\n\t\t\t\t<\/div>\n\t\t\t\t\t\t\t\t<\/div>\n\t\t\t\t<\/div>\n\t\t\t\t<\/div>\n\t\t\t\t\t<\/div>\n\t\t\t\t<\/div>\n\t\t\t\t<\/div>\n\t\t","protected":false},"excerpt":{"rendered":"<p>Inici \/ Consultoria \/ Consultoria online Servicios Realizamos sesiones privadas online de consultor\u00eda en agricultura regenerativa. Resolvemos dudas espec\u00edficas sobre la agricultura regenerativa, aconsejamos en qu\u00e9 t\u00e9cnicas aplicar o la viabilidad de cultivos en tu finca. Las sesiones tienen una duraci\u00f3n m\u00ednima de una hora. Pide tu cita online soporte Estamos aqu\u00ed para ayudarte Tanto [&hellip;]<\/p>\n","protected":false},"author":2,"featured_media":0,"parent":0,"menu_order":0,"comment_status":"closed","ping_status":"closed","template":"elementor_header_footer","meta":{"_joinchat":[],"footnotes":""},"class_list":["post-1181","page","type-page","status-publish","hentry"],"yoast_head":"<!-- This site is optimized with the Yoast SEO plugin v27.5 - https:\/\/yoast.com\/product\/yoast-seo-wordpress\/ -->\n<title>Consultor\u00eda online - Agroassessor<\/title>\n<meta name=\"robots\" content=\"index, follow, max-snippet:-1, max-image-preview:large, max-video-preview:-1\" \/>\n<link rel=\"canonical\" href=\"https:\/\/agroassessor.com\/es\/consultoria-online\/\" \/>\n<meta property=\"og:locale\" content=\"es_ES\" \/>\n<meta property=\"og:type\" content=\"article\" \/>\n<meta property=\"og:title\" content=\"Consultor\u00eda online - Agroassessor\" \/>\n<meta property=\"og:description\" content=\"Inici \/ Consultoria \/ Consultoria online Servicios Realizamos sesiones privadas online de consultor\u00eda en agricultura regenerativa. Resolvemos dudas espec\u00edficas sobre la agricultura regenerativa, aconsejamos en qu\u00e9 t\u00e9cnicas aplicar o la viabilidad de cultivos en tu finca. Las sesiones tienen una duraci\u00f3n m\u00ednima de una hora. Pide tu cita online soporte Estamos aqu\u00ed para ayudarte Tanto [&hellip;]\" \/>\n<meta property=\"og:url\" content=\"https:\/\/agroassessor.com\/es\/consultoria-online\/\" \/>\n<meta property=\"og:site_name\" content=\"Agroassessor\" \/>\n<meta property=\"article:modified_time\" content=\"2025-11-19T13:16:12+00:00\" \/>\n<meta name=\"twitter:card\" content=\"summary_large_image\" \/>\n<meta name=\"twitter:label1\" content=\"Tiempo de lectura\" \/>\n\t<meta name=\"twitter:data1\" content=\"1 minuto\" \/>\n<script type=\"application\/ld+json\" class=\"yoast-schema-graph\">{\"@context\":\"https:\\\/\\\/schema.org\",\"@graph\":[{\"@type\":\"WebPage\",\"@id\":\"https:\\\/\\\/agroassessor.com\\\/es\\\/consultoria-online\\\/\",\"url\":\"https:\\\/\\\/agroassessor.com\\\/es\\\/consultoria-online\\\/\",\"name\":\"Consultor\u00eda online - Agroassessor\",\"isPartOf\":{\"@id\":\"https:\\\/\\\/agroassessor.com\\\/es\\\/#website\"},\"datePublished\":\"2025-10-17T14:37:13+00:00\",\"dateModified\":\"2025-11-19T13:16:12+00:00\",\"breadcrumb\":{\"@id\":\"https:\\\/\\\/agroassessor.com\\\/es\\\/consultoria-online\\\/#breadcrumb\"},\"inLanguage\":\"es\",\"potentialAction\":[{\"@type\":\"ReadAction\",\"target\":[\"https:\\\/\\\/agroassessor.com\\\/es\\\/consultoria-online\\\/\"]}]},{\"@type\":\"BreadcrumbList\",\"@id\":\"https:\\\/\\\/agroassessor.com\\\/es\\\/consultoria-online\\\/#breadcrumb\",\"itemListElement\":[{\"@type\":\"ListItem\",\"position\":1,\"name\":\"Portada\",\"item\":\"https:\\\/\\\/agroassessor.com\\\/es\\\/\"},{\"@type\":\"ListItem\",\"position\":2,\"name\":\"Consultor\u00eda online\"}]},{\"@type\":\"WebSite\",\"@id\":\"https:\\\/\\\/agroassessor.com\\\/es\\\/#website\",\"url\":\"https:\\\/\\\/agroassessor.com\\\/es\\\/\",\"name\":\"Agroassessor\",\"description\":\"\",\"potentialAction\":[{\"@type\":\"SearchAction\",\"target\":{\"@type\":\"EntryPoint\",\"urlTemplate\":\"https:\\\/\\\/agroassessor.com\\\/es\\\/?s={search_term_string}\"},\"query-input\":{\"@type\":\"PropertyValueSpecification\",\"valueRequired\":true,\"valueName\":\"search_term_string\"}}],\"inLanguage\":\"es\"}]}<\/script>\n<!-- \/ Yoast SEO plugin. -->","yoast_head_json":{"title":"Consultor\u00eda online - Agroassessor","robots":{"index":"index","follow":"follow","max-snippet":"max-snippet:-1","max-image-preview":"max-image-preview:large","max-video-preview":"max-video-preview:-1"},"canonical":"https:\/\/agroassessor.com\/es\/consultoria-online\/","og_locale":"es_ES","og_type":"article","og_title":"Consultor\u00eda online - Agroassessor","og_description":"Inici \/ Consultoria \/ Consultoria online Servicios Realizamos sesiones privadas online de consultor\u00eda en agricultura regenerativa. Resolvemos dudas espec\u00edficas sobre la agricultura regenerativa, aconsejamos en qu\u00e9 t\u00e9cnicas aplicar o la viabilidad de cultivos en tu finca. Las sesiones tienen una duraci\u00f3n m\u00ednima de una hora. Pide tu cita online soporte Estamos aqu\u00ed para ayudarte Tanto [&hellip;]","og_url":"https:\/\/agroassessor.com\/es\/consultoria-online\/","og_site_name":"Agroassessor","article_modified_time":"2025-11-19T13:16:12+00:00","twitter_card":"summary_large_image","twitter_misc":{"Tiempo de lectura":"1 minuto"},"schema":{"@context":"https:\/\/schema.org","@graph":[{"@type":"WebPage","@id":"https:\/\/agroassessor.com\/es\/consultoria-online\/","url":"https:\/\/agroassessor.com\/es\/consultoria-online\/","name":"Consultor\u00eda online - Agroassessor","isPartOf":{"@id":"https:\/\/agroassessor.com\/es\/#website"},"datePublished":"2025-10-17T14:37:13+00:00","dateModified":"2025-11-19T13:16:12+00:00","breadcrumb":{"@id":"https:\/\/agroassessor.com\/es\/consultoria-online\/#breadcrumb"},"inLanguage":"es","potentialAction":[{"@type":"ReadAction","target":["https:\/\/agroassessor.com\/es\/consultoria-online\/"]}]},{"@type":"BreadcrumbList","@id":"https:\/\/agroassessor.com\/es\/consultoria-online\/#breadcrumb","itemListElement":[{"@type":"ListItem","position":1,"name":"Portada","item":"https:\/\/agroassessor.com\/es\/"},{"@type":"ListItem","position":2,"name":"Consultor\u00eda online"}]},{"@type":"WebSite","@id":"https:\/\/agroassessor.com\/es\/#website","url":"https:\/\/agroassessor.com\/es\/","name":"Agroassessor","description":"","potentialAction":[{"@type":"SearchAction","target":{"@type":"EntryPoint","urlTemplate":"https:\/\/agroassessor.com\/es\/?s={search_term_string}"},"query-input":{"@type":"PropertyValueSpecification","valueRequired":true,"valueName":"search_term_string"}}],"inLanguage":"es"}]}},"_links":{"self":[{"href":"https:\/\/agroassessor.com\/es\/wp-json\/wp\/v2\/pages\/1181","targetHints":{"allow":["GET"]}}],"collection":[{"href":"https:\/\/agroassessor.com\/es\/wp-json\/wp\/v2\/pages"}],"about":[{"href":"https:\/\/agroassessor.com\/es\/wp-json\/wp\/v2\/types\/page"}],"author":[{"embeddable":true,"href":"https:\/\/agroassessor.com\/es\/wp-json\/wp\/v2\/users\/2"}],"replies":[{"embeddable":true,"href":"https:\/\/agroassessor.com\/es\/wp-json\/wp\/v2\/comments?post=1181"}],"version-history":[{"count":1,"href":"https:\/\/agroassessor.com\/es\/wp-json\/wp\/v2\/pages\/1181\/revisions"}],"predecessor-version":[{"id":1182,"href":"https:\/\/agroassessor.com\/es\/wp-json\/wp\/v2\/pages\/1181\/revisions\/1182"}],"wp:attachment":[{"href":"https:\/\/agroassessor.com\/es\/wp-json\/wp\/v2\/media?parent=1181"}],"curies":[{"name":"wp","href":"https:\/\/api.w.org\/{rel}","templated":true}]}}