{"id":1249,"date":"2025-10-10T12:22:58","date_gmt":"2025-10-10T10:22:58","guid":{"rendered":"https:\/\/agroassessor.com\/quienes-somos\/"},"modified":"2026-01-30T15:31:16","modified_gmt":"2026-01-30T14:31:16","slug":"quienes-somos","status":"publish","type":"page","link":"https:\/\/agroassessor.com\/es\/quienes-somos\/","title":{"rendered":"Qui\u00e9nes somos"},"content":{"rendered":"\t\t<div data-elementor-type=\"wp-page\" data-elementor-id=\"1249\" class=\"elementor elementor-1249 elementor-250\" data-elementor-post-type=\"page\">\n\t\t\t\t<div class=\"elementor-element elementor-element-1b56ca4a e-flex e-con-boxed e-con e-parent\" data-id=\"1b56ca4a\" data-element_type=\"container\" data-e-type=\"container\" data-settings=\"{&quot;background_background&quot;:&quot;classic&quot;}\">\n\t\t\t\t\t<div class=\"e-con-inner\">\n\t\t<div class=\"elementor-element elementor-element-70979133 e-con-full e-flex e-con e-child\" data-id=\"70979133\" data-element_type=\"container\" data-e-type=\"container\">\n\t\t\t\t<div class=\"elementor-element elementor-element-26fa2b13 elementor-widget elementor-widget-gum_heading\" data-id=\"26fa2b13\" data-element_type=\"widget\" data-e-type=\"widget\" data-widget_type=\"gum_heading.default\">\n\t\t\t\t<div class=\"elementor-widget-container\">\n\t\t\t\t\t<div class=\"gum-widget-title\"><h2 class=\"section-main-title size-default\">Qui\u00e9nes somos<\/h2><\/div>\t\t\t\t<\/div>\n\t\t\t\t<\/div>\n\t\t\t\t<div class=\"elementor-element elementor-element-12f364ad elementor-widget elementor-widget-gum_heading\" data-id=\"12f364ad\" data-element_type=\"widget\" data-e-type=\"widget\" data-widget_type=\"gum_heading.default\">\n\t\t\t\t<div class=\"elementor-widget-container\">\n\t\t\t\t\t<div class=\"gum-widget-title\"><h2 class=\"section-main-title size-default\"><span class=\"prefix\"><\/span><span class=\"maintitle\">Inici \/ <\/span><span class=\"subfix\">Qui som<\/span><\/h2><\/div>\t\t\t\t<\/div>\n\t\t\t\t<\/div>\n\t\t\t\t<\/div>\n\t\t\t\t\t<\/div>\n\t\t\t\t<\/div>\n\t\t<div class=\"elementor-element elementor-element-1b455774 e-flex e-con-boxed e-con e-parent\" data-id=\"1b455774\" data-element_type=\"container\" data-e-type=\"container\">\n\t\t\t\t\t<div class=\"e-con-inner\">\n\t\t\t\t<div class=\"elementor-element elementor-element-4c0ac669 elementor-widget elementor-widget-heading\" data-id=\"4c0ac669\" data-element_type=\"widget\" data-e-type=\"widget\" data-widget_type=\"heading.default\">\n\t\t\t\t<div class=\"elementor-widget-container\">\n\t\t\t\t\t<h2 class=\"elementor-heading-title elementor-size-default\">nuestro Equipo<\/h2>\t\t\t\t<\/div>\n\t\t\t\t<\/div>\n\t\t\t\t\t<\/div>\n\t\t\t\t<\/div>\n\t\t<div class=\"elementor-element elementor-element-24726c8 e-flex e-con-boxed e-con e-parent\" data-id=\"24726c8\" data-element_type=\"container\" data-e-type=\"container\">\n\t\t\t\t\t<div class=\"e-con-inner\">\n\t\t<div class=\"elementor-element elementor-element-d6eb8e1 e-con-full animated-slow e-flex elementor-invisible e-con e-child\" data-id=\"d6eb8e1\" data-element_type=\"container\" data-e-type=\"container\" data-settings=\"{&quot;animation&quot;:&quot;fadeIn&quot;}\">\n\t\t<div class=\"elementor-element elementor-element-3d44207 e-con-full e-flex e-con e-child\" data-id=\"3d44207\" data-element_type=\"container\" data-e-type=\"container\">\n\t\t<div class=\"elementor-element elementor-element-07ba25c e-con-full e-flex e-con e-child\" data-id=\"07ba25c\" data-element_type=\"container\" data-e-type=\"container\">\n\t\t<div class=\"elementor-element elementor-element-7d49e47 e-con-full animated-slow e-flex elementor-invisible e-con e-child\" data-id=\"7d49e47\" data-element_type=\"container\" data-e-type=\"container\" data-settings=\"{&quot;background_background&quot;:&quot;classic&quot;,&quot;animation&quot;:&quot;fadeInRight&quot;}\">\n\t\t<div class=\"elementor-element elementor-element-7a4b820 e-con-full e-flex e-con e-child\" data-id=\"7a4b820\" data-element_type=\"container\" data-e-type=\"container\" data-settings=\"{&quot;background_background&quot;:&quot;classic&quot;}\">\n\t\t\t\t<div class=\"elementor-element elementor-element-3916ef8 elementor-widget elementor-widget-heading\" data-id=\"3916ef8\" data-element_type=\"widget\" data-e-type=\"widget\" data-widget_type=\"heading.default\">\n\t\t\t\t<div class=\"elementor-widget-container\">\n\t\t\t\t\t<h2 class=\"elementor-heading-title elementor-size-default\">Eudald Saez i Riera<\/h2>\t\t\t\t<\/div>\n\t\t\t\t<\/div>\n\t\t\t\t<div class=\"elementor-element elementor-element-3c139d0 elementor-widget elementor-widget-heading\" data-id=\"3c139d0\" data-element_type=\"widget\" data-e-type=\"widget\" data-widget_type=\"heading.default\">\n\t\t\t\t<div class=\"elementor-widget-container\">\n\t\t\t\t\t<h2 class=\"elementor-heading-title elementor-size-default\">E.T. Agr\u00edcola y CEO de Agroassessor<\/h2>\t\t\t\t<\/div>\n\t\t\t\t<\/div>\n\t\t\t\t<\/div>\n\t\t\t\t<\/div>\n\t\t\t\t<\/div>\n\t\t<div class=\"elementor-element elementor-element-50c9487 e-con-full e-flex e-con e-child\" data-id=\"50c9487\" data-element_type=\"container\" data-e-type=\"container\">\n\t\t<div class=\"elementor-element elementor-element-16923db e-con-full animated-slow e-flex elementor-invisible e-con e-child\" data-id=\"16923db\" data-element_type=\"container\" data-e-type=\"container\" data-settings=\"{&quot;background_background&quot;:&quot;classic&quot;,&quot;animation&quot;:&quot;fadeInRight&quot;}\">\n\t\t<div class=\"elementor-element elementor-element-1f3af77 e-con-full e-flex e-con e-child\" data-id=\"1f3af77\" data-element_type=\"container\" data-e-type=\"container\" data-settings=\"{&quot;background_background&quot;:&quot;classic&quot;}\">\n\t\t\t\t<div class=\"elementor-element elementor-element-a0092b5 elementor-widget elementor-widget-heading\" data-id=\"a0092b5\" data-element_type=\"widget\" data-e-type=\"widget\" data-widget_type=\"heading.default\">\n\t\t\t\t<div class=\"elementor-widget-container\">\n\t\t\t\t\t<h2 class=\"elementor-heading-title elementor-size-default\">Farners Pararols i Mart\u00ed<\/h2>\t\t\t\t<\/div>\n\t\t\t\t<\/div>\n\t\t\t\t<div class=\"elementor-element elementor-element-dffd11c elementor-widget elementor-widget-heading\" data-id=\"dffd11c\" data-element_type=\"widget\" data-e-type=\"widget\" data-widget_type=\"heading.default\">\n\t\t\t\t<div class=\"elementor-widget-container\">\n\t\t\t\t\t<h2 class=\"elementor-heading-title elementor-size-default\">Licenciada en Ciencias Ambientales y postgrado en P.R.L.<\/h2>\t\t\t\t<\/div>\n\t\t\t\t<\/div>\n\t\t\t\t<\/div>\n\t\t\t\t<\/div>\n\t\t\t\t<\/div>\n\t\t<div class=\"elementor-element elementor-element-d43044d e-con-full e-flex e-con e-child\" data-id=\"d43044d\" data-element_type=\"container\" data-e-type=\"container\">\n\t\t<div class=\"elementor-element elementor-element-ad4b2f8 e-con-full animated-slow e-flex elementor-invisible e-con e-child\" data-id=\"ad4b2f8\" data-element_type=\"container\" data-e-type=\"container\" data-settings=\"{&quot;background_background&quot;:&quot;classic&quot;,&quot;animation&quot;:&quot;fadeInRight&quot;}\">\n\t\t<div class=\"elementor-element elementor-element-b86c1fb e-con-full e-flex e-con e-child\" data-id=\"b86c1fb\" data-element_type=\"container\" data-e-type=\"container\" data-settings=\"{&quot;background_background&quot;:&quot;classic&quot;}\">\n\t\t\t\t<div class=\"elementor-element elementor-element-1822e7c elementor-widget elementor-widget-heading\" data-id=\"1822e7c\" data-element_type=\"widget\" data-e-type=\"widget\" data-widget_type=\"heading.default\">\n\t\t\t\t<div class=\"elementor-widget-container\">\n\t\t\t\t\t<h2 class=\"elementor-heading-title elementor-size-default\">Raquel Gim\u00e9nez Invernon\n\n<\/h2>\t\t\t\t<\/div>\n\t\t\t\t<\/div>\n\t\t\t\t<div class=\"elementor-element elementor-element-07282a3 elementor-widget elementor-widget-heading\" data-id=\"07282a3\" data-element_type=\"widget\" data-e-type=\"widget\" data-widget_type=\"heading.default\">\n\t\t\t\t<div class=\"elementor-widget-container\">\n\t\t\t\t\t<h2 class=\"elementor-heading-title elementor-size-default\">E.T. Agr\u00edcola<\/h2>\t\t\t\t<\/div>\n\t\t\t\t<\/div>\n\t\t\t\t<\/div>\n\t\t\t\t<\/div>\n\t\t\t\t<\/div>\n\t\t\t\t<\/div>\n\t\t<div class=\"elementor-element elementor-element-6ef35ef e-con-full e-flex e-con e-child\" data-id=\"6ef35ef\" data-element_type=\"container\" data-e-type=\"container\">\n\t\t<div class=\"elementor-element elementor-element-bfd465a e-con-full e-flex e-con e-child\" data-id=\"bfd465a\" data-element_type=\"container\" data-e-type=\"container\">\n\t\t<div class=\"elementor-element elementor-element-99c2b06 e-con-full animated-slow e-flex elementor-invisible e-con e-child\" data-id=\"99c2b06\" data-element_type=\"container\" data-e-type=\"container\" data-settings=\"{&quot;background_background&quot;:&quot;classic&quot;,&quot;animation&quot;:&quot;fadeInRight&quot;}\">\n\t\t<div class=\"elementor-element elementor-element-ca50379 e-con-full e-flex e-con e-child\" data-id=\"ca50379\" data-element_type=\"container\" data-e-type=\"container\" data-settings=\"{&quot;background_background&quot;:&quot;classic&quot;}\">\n\t\t\t\t<div class=\"elementor-element elementor-element-e4b1b78 elementor-widget elementor-widget-heading\" data-id=\"e4b1b78\" data-element_type=\"widget\" data-e-type=\"widget\" data-widget_type=\"heading.default\">\n\t\t\t\t<div class=\"elementor-widget-container\">\n\t\t\t\t\t<h2 class=\"elementor-heading-title elementor-size-default\">Katira Mohamed Pernia<\/h2>\t\t\t\t<\/div>\n\t\t\t\t<\/div>\n\t\t\t\t<div class=\"elementor-element elementor-element-cd96676 elementor-widget elementor-widget-heading\" data-id=\"cd96676\" data-element_type=\"widget\" data-e-type=\"widget\" data-widget_type=\"heading.default\">\n\t\t\t\t<div class=\"elementor-widget-container\">\n\t\t\t\t\t<h2 class=\"elementor-heading-title elementor-size-default\">Ingeniera agr\u00f3noma<\/h2>\t\t\t\t<\/div>\n\t\t\t\t<\/div>\n\t\t\t\t<\/div>\n\t\t\t\t<\/div>\n\t\t\t\t<\/div>\n\t\t<div class=\"elementor-element elementor-element-3e48914 e-con-full e-flex e-con e-child\" data-id=\"3e48914\" data-element_type=\"container\" data-e-type=\"container\">\n\t\t<div class=\"elementor-element elementor-element-0cd96dc e-con-full animated-slow e-flex elementor-invisible e-con e-child\" data-id=\"0cd96dc\" data-element_type=\"container\" data-e-type=\"container\" data-settings=\"{&quot;background_background&quot;:&quot;classic&quot;,&quot;animation&quot;:&quot;fadeInRight&quot;}\">\n\t\t<div class=\"elementor-element elementor-element-37fac2b e-con-full e-flex e-con e-child\" data-id=\"37fac2b\" data-element_type=\"container\" data-e-type=\"container\" data-settings=\"{&quot;background_background&quot;:&quot;classic&quot;}\">\n\t\t\t\t<div class=\"elementor-element elementor-element-690aa88 elementor-widget elementor-widget-heading\" data-id=\"690aa88\" data-element_type=\"widget\" data-e-type=\"widget\" data-widget_type=\"heading.default\">\n\t\t\t\t<div class=\"elementor-widget-container\">\n\t\t\t\t\t<h2 class=\"elementor-heading-title elementor-size-default\">Jordina Frigola i Forment\u00ed\n\n<\/h2>\t\t\t\t<\/div>\n\t\t\t\t<\/div>\n\t\t\t\t<div class=\"elementor-element elementor-element-d9a6a74 elementor-widget elementor-widget-heading\" data-id=\"d9a6a74\" data-element_type=\"widget\" data-e-type=\"widget\" data-widget_type=\"heading.default\">\n\t\t\t\t<div class=\"elementor-widget-container\">\n\t\t\t\t\t<h2 class=\"elementor-heading-title elementor-size-default\">Licenciada en ciencias pol\u00edticas y postgrado en gesti\u00f3n de Fondos Europeos<\/h2>\t\t\t\t<\/div>\n\t\t\t\t<\/div>\n\t\t\t\t<\/div>\n\t\t\t\t<\/div>\n\t\t\t\t<\/div>\n\t\t<div class=\"elementor-element elementor-element-bea0268 e-con-full e-flex e-con e-child\" data-id=\"bea0268\" data-element_type=\"container\" data-e-type=\"container\">\n\t\t<div class=\"elementor-element elementor-element-26ea0fd e-con-full animated-slow e-flex elementor-invisible e-con e-child\" data-id=\"26ea0fd\" data-element_type=\"container\" data-e-type=\"container\" data-settings=\"{&quot;background_background&quot;:&quot;classic&quot;,&quot;animation&quot;:&quot;fadeInRight&quot;}\">\n\t\t<div class=\"elementor-element elementor-element-5f04bfe e-con-full e-flex e-con e-child\" data-id=\"5f04bfe\" data-element_type=\"container\" data-e-type=\"container\" data-settings=\"{&quot;background_background&quot;:&quot;classic&quot;}\">\n\t\t\t\t<div class=\"elementor-element elementor-element-fa93b08 elementor-widget elementor-widget-heading\" data-id=\"fa93b08\" data-element_type=\"widget\" data-e-type=\"widget\" data-widget_type=\"heading.default\">\n\t\t\t\t<div class=\"elementor-widget-container\">\n\t\t\t\t\t<h2 class=\"elementor-heading-title elementor-size-default\">Anna Manso Pujol<\/h2>\t\t\t\t<\/div>\n\t\t\t\t<\/div>\n\t\t\t\t<div class=\"elementor-element elementor-element-c63475d elementor-widget elementor-widget-heading\" data-id=\"c63475d\" data-element_type=\"widget\" data-e-type=\"widget\" data-widget_type=\"heading.default\">\n\t\t\t\t<div class=\"elementor-widget-container\">\n\t\t\t\t\t<h2 class=\"elementor-heading-title elementor-size-default\">E.T. Agr\u00edcola<\/h2>\t\t\t\t<\/div>\n\t\t\t\t<\/div>\n\t\t\t\t<\/div>\n\t\t\t\t<\/div>\n\t\t\t\t<\/div>\n\t\t\t\t<\/div>\n\t\t\t\t<\/div>\n\t\t\t\t\t<\/div>\n\t\t\t\t<\/div>\n\t\t<div class=\"elementor-element elementor-element-330876a e-flex e-con-boxed e-con e-parent\" data-id=\"330876a\" data-element_type=\"container\" data-e-type=\"container\">\n\t\t\t\t\t<div class=\"e-con-inner\">\n\t\t<div class=\"elementor-element elementor-element-e562dd5 e-con-full e-flex e-con e-child\" data-id=\"e562dd5\" data-element_type=\"container\" data-e-type=\"container\" data-settings=\"{&quot;background_background&quot;:&quot;classic&quot;}\">\n\t\t\t\t<div class=\"elementor-element elementor-element-5fd4c14 elementor-widget-mobile__width-initial elementor-widget elementor-widget-video\" data-id=\"5fd4c14\" data-element_type=\"widget\" data-e-type=\"widget\" data-settings=\"{&quot;youtube_url&quot;:&quot;https:\\\/\\\/www.youtube.com\\\/watch?v=vGlT6ZFWweU&quot;,&quot;autoplay&quot;:&quot;yes&quot;,&quot;mute&quot;:&quot;yes&quot;,&quot;video_type&quot;:&quot;youtube&quot;,&quot;controls&quot;:&quot;yes&quot;}\" data-widget_type=\"video.default\">\n\t\t\t\t<div class=\"elementor-widget-container\">\n\t\t\t\t\t\t\t<div class=\"elementor-wrapper elementor-open-inline\">\n\t\t\t<div class=\"elementor-video\"><\/div>\t\t<\/div>\n\t\t\t\t\t\t<\/div>\n\t\t\t\t<\/div>\n\t\t\t\t<\/div>\n\t\t\t\t\t<\/div>\n\t\t\t\t<\/div>\n\t\t<div class=\"elementor-element elementor-element-4c7a0bd e-flex e-con-boxed e-con e-parent\" data-id=\"4c7a0bd\" data-element_type=\"container\" data-e-type=\"container\">\n\t\t\t\t\t<div class=\"e-con-inner\">\n\t\t<div class=\"elementor-element elementor-element-49003d0 e-con-full e-flex e-con e-child\" data-id=\"49003d0\" data-element_type=\"container\" data-e-type=\"container\">\n\t\t\t\t<div class=\"elementor-element elementor-element-bf53c4c elementor-widget elementor-widget-heading\" data-id=\"bf53c4c\" data-element_type=\"widget\" data-e-type=\"widget\" data-widget_type=\"heading.default\">\n\t\t\t\t<div class=\"elementor-widget-container\">\n\t\t\t\t\t<h2 class=\"elementor-heading-title elementor-size-default\">Colaboradores<\/h2>\t\t\t\t<\/div>\n\t\t\t\t<\/div>\n\t\t<div class=\"elementor-element elementor-element-6c38e9d e-con-full e-flex e-con e-child\" data-id=\"6c38e9d\" data-element_type=\"container\" data-e-type=\"container\">\n\t\t<div class=\"elementor-element elementor-element-8a7fc0d e-con-full e-flex e-con e-child\" data-id=\"8a7fc0d\" data-element_type=\"container\" data-e-type=\"container\">\n\t\t\t\t<div class=\"elementor-element elementor-element-327d93d elementor-position-top elementor-widget elementor-widget-image-box\" data-id=\"327d93d\" data-element_type=\"widget\" data-e-type=\"widget\" data-widget_type=\"image-box.default\">\n\t\t\t\t<div class=\"elementor-widget-container\">\n\t\t\t\t\t<div class=\"elementor-image-box-wrapper\"><figure class=\"elementor-image-box-img\"><a href=\"https:\/\/theregenacademy.com\/?gad_source=1&#038;gad_campaignid=23439382494&#038;gbraid=0AAAAAoi5XJmHWcR6nCkMIkmEFyAbiV1OB&#038;gclid=CjwKCAiAssfLBhBDEiwAcLpwfoXXNGzfoWYAvFbqhFDOn4Qfe_X-mYOcUCvHOJ-vQMEcvfAq7g_2_BoCh5cQAvD_BwE%20%20\" tabindex=\"-1\"><img fetchpriority=\"high\" decoding=\"async\" width=\"778\" height=\"521\" src=\"https:\/\/agroassessor.com\/wp-content\/uploads\/2026\/01\/logo-regen-academy-1.png\" class=\"attachment-full size-full wp-image-1869\" alt=\"\" srcset=\"https:\/\/agroassessor.com\/wp-content\/uploads\/2026\/01\/logo-regen-academy-1.png 778w, https:\/\/agroassessor.com\/wp-content\/uploads\/2026\/01\/logo-regen-academy-1-300x201.png 300w, https:\/\/agroassessor.com\/wp-content\/uploads\/2026\/01\/logo-regen-academy-1-768x514.png 768w\" sizes=\"(max-width: 778px) 100vw, 778px\" \/><\/a><\/figure><div class=\"elementor-image-box-content\"><h3 class=\"elementor-image-box-title\"><a href=\"https:\/\/theregenacademy.com\/?gad_source=1&#038;gad_campaignid=23439382494&#038;gbraid=0AAAAAoi5XJmHWcR6nCkMIkmEFyAbiV1OB&#038;gclid=CjwKCAiAssfLBhBDEiwAcLpwfoXXNGzfoWYAvFbqhFDOn4Qfe_X-mYOcUCvHOJ-vQMEcvfAq7g_2_BoCh5cQAvD_BwE%20%20\">The Regen Academy<\/a><\/h3><\/div><\/div>\t\t\t\t<\/div>\n\t\t\t\t<\/div>\n\t\t\t\t<\/div>\n\t\t<div class=\"elementor-element elementor-element-3ff6884 e-con-full e-flex e-con e-child\" data-id=\"3ff6884\" data-element_type=\"container\" data-e-type=\"container\">\n\t\t\t\t<div class=\"elementor-element elementor-element-1cf9b2b elementor-position-top elementor-widget elementor-widget-image-box\" data-id=\"1cf9b2b\" data-element_type=\"widget\" data-e-type=\"widget\" data-widget_type=\"image-box.default\">\n\t\t\t\t<div class=\"elementor-widget-container\">\n\t\t\t\t\t<div class=\"elementor-image-box-wrapper\"><figure class=\"elementor-image-box-img\"><a href=\"https:\/\/www.aeaacatalunya.com\/\" tabindex=\"-1\"><img decoding=\"async\" width=\"176\" height=\"118\" src=\"https:\/\/agroassessor.com\/wp-content\/uploads\/2026\/01\/LOGO-AEAAC-1.png\" class=\"attachment-full size-full wp-image-1870\" alt=\"\" \/><\/a><\/figure><div class=\"elementor-image-box-content\"><h3 class=\"elementor-image-box-title\"><a href=\"https:\/\/www.aeaacatalunya.com\/\">Associaci\u00f3 Entitats Assessores Agr\u00e0ries de Catalunya<\/a><\/h3><\/div><\/div>\t\t\t\t<\/div>\n\t\t\t\t<\/div>\n\t\t\t\t<\/div>\n\t\t\t\t<\/div>\n\t\t\t\t<\/div>\n\t\t\t\t\t<\/div>\n\t\t\t\t<\/div>\n\t\t\t\t<\/div>\n\t\t","protected":false},"excerpt":{"rendered":"<p>Inici \/ Qui som nuestro Equipo Eudald Saez i Riera E.T. Agr\u00edcola y CEO de Agroassessor Farners Pararols i Mart\u00ed Licenciada en Ciencias Ambientales y postgrado en P.R.L. Raquel Gim\u00e9nez Invernon E.T. Agr\u00edcola Katira Mohamed Pernia Ingeniera agr\u00f3noma Jordina Frigola i Forment\u00ed Licenciada en ciencias pol\u00edticas y postgrado en gesti\u00f3n de Fondos Europeos Anna Manso [&hellip;]<\/p>\n","protected":false},"author":2,"featured_media":0,"parent":0,"menu_order":0,"comment_status":"closed","ping_status":"closed","template":"elementor_header_footer","meta":{"_joinchat":[],"footnotes":""},"class_list":["post-1249","page","type-page","status-publish","hentry"],"yoast_head":"<!-- This site is optimized with the Yoast SEO plugin v27.3 - https:\/\/yoast.com\/product\/yoast-seo-wordpress\/ -->\n<title>Qui\u00e9nes somos - Agroassessor<\/title>\n<meta name=\"robots\" content=\"index, follow, max-snippet:-1, max-image-preview:large, max-video-preview:-1\" \/>\n<link rel=\"canonical\" href=\"https:\/\/agroassessor.com\/es\/quienes-somos\/\" \/>\n<meta property=\"og:locale\" content=\"es_ES\" \/>\n<meta property=\"og:type\" content=\"article\" \/>\n<meta property=\"og:title\" content=\"Qui\u00e9nes somos - Agroassessor\" \/>\n<meta property=\"og:description\" content=\"Inici \/ Qui som nuestro Equipo Eudald Saez i Riera E.T. Agr\u00edcola y CEO de Agroassessor Farners Pararols i Mart\u00ed Licenciada en Ciencias Ambientales y postgrado en P.R.L. Raquel Gim\u00e9nez Invernon E.T. Agr\u00edcola Katira Mohamed Pernia Ingeniera agr\u00f3noma Jordina Frigola i Forment\u00ed Licenciada en ciencias pol\u00edticas y postgrado en gesti\u00f3n de Fondos Europeos Anna Manso [&hellip;]\" \/>\n<meta property=\"og:url\" content=\"https:\/\/agroassessor.com\/es\/quienes-somos\/\" \/>\n<meta property=\"og:site_name\" content=\"Agroassessor\" \/>\n<meta property=\"article:modified_time\" content=\"2026-01-30T14:31:16+00:00\" \/>\n<meta property=\"og:image\" content=\"https:\/\/agroassessor.com\/wp-content\/uploads\/2026\/01\/logo-regen-academy-1.png\" \/>\n\t<meta property=\"og:image:width\" content=\"778\" \/>\n\t<meta property=\"og:image:height\" content=\"521\" \/>\n\t<meta property=\"og:image:type\" content=\"image\/png\" \/>\n<meta name=\"twitter:card\" content=\"summary_large_image\" \/>\n<script type=\"application\/ld+json\" class=\"yoast-schema-graph\">{\"@context\":\"https:\\\/\\\/schema.org\",\"@graph\":[{\"@type\":\"WebPage\",\"@id\":\"https:\\\/\\\/agroassessor.com\\\/es\\\/quienes-somos\\\/\",\"url\":\"https:\\\/\\\/agroassessor.com\\\/es\\\/quienes-somos\\\/\",\"name\":\"Qui\u00e9nes somos - Agroassessor\",\"isPartOf\":{\"@id\":\"https:\\\/\\\/agroassessor.com\\\/es\\\/#website\"},\"primaryImageOfPage\":{\"@id\":\"https:\\\/\\\/agroassessor.com\\\/es\\\/quienes-somos\\\/#primaryimage\"},\"image\":{\"@id\":\"https:\\\/\\\/agroassessor.com\\\/es\\\/quienes-somos\\\/#primaryimage\"},\"thumbnailUrl\":\"https:\\\/\\\/agroassessor.com\\\/wp-content\\\/uploads\\\/2026\\\/01\\\/logo-regen-academy-1.png\",\"datePublished\":\"2025-10-10T10:22:58+00:00\",\"dateModified\":\"2026-01-30T14:31:16+00:00\",\"breadcrumb\":{\"@id\":\"https:\\\/\\\/agroassessor.com\\\/es\\\/quienes-somos\\\/#breadcrumb\"},\"inLanguage\":\"es\",\"potentialAction\":[{\"@type\":\"ReadAction\",\"target\":[\"https:\\\/\\\/agroassessor.com\\\/es\\\/quienes-somos\\\/\"]}]},{\"@type\":\"ImageObject\",\"inLanguage\":\"es\",\"@id\":\"https:\\\/\\\/agroassessor.com\\\/es\\\/quienes-somos\\\/#primaryimage\",\"url\":\"https:\\\/\\\/agroassessor.com\\\/wp-content\\\/uploads\\\/2026\\\/01\\\/logo-regen-academy-1.png\",\"contentUrl\":\"https:\\\/\\\/agroassessor.com\\\/wp-content\\\/uploads\\\/2026\\\/01\\\/logo-regen-academy-1.png\"},{\"@type\":\"BreadcrumbList\",\"@id\":\"https:\\\/\\\/agroassessor.com\\\/es\\\/quienes-somos\\\/#breadcrumb\",\"itemListElement\":[{\"@type\":\"ListItem\",\"position\":1,\"name\":\"Portada\",\"item\":\"https:\\\/\\\/agroassessor.com\\\/es\\\/\"},{\"@type\":\"ListItem\",\"position\":2,\"name\":\"Qui\u00e9nes somos\"}]},{\"@type\":\"WebSite\",\"@id\":\"https:\\\/\\\/agroassessor.com\\\/es\\\/#website\",\"url\":\"https:\\\/\\\/agroassessor.com\\\/es\\\/\",\"name\":\"Agroassessor\",\"description\":\"\",\"potentialAction\":[{\"@type\":\"SearchAction\",\"target\":{\"@type\":\"EntryPoint\",\"urlTemplate\":\"https:\\\/\\\/agroassessor.com\\\/es\\\/?s={search_term_string}\"},\"query-input\":{\"@type\":\"PropertyValueSpecification\",\"valueRequired\":true,\"valueName\":\"search_term_string\"}}],\"inLanguage\":\"es\"}]}<\/script>\n<!-- \/ Yoast SEO plugin. -->","yoast_head_json":{"title":"Qui\u00e9nes somos - Agroassessor","robots":{"index":"index","follow":"follow","max-snippet":"max-snippet:-1","max-image-preview":"max-image-preview:large","max-video-preview":"max-video-preview:-1"},"canonical":"https:\/\/agroassessor.com\/es\/quienes-somos\/","og_locale":"es_ES","og_type":"article","og_title":"Qui\u00e9nes somos - Agroassessor","og_description":"Inici \/ Qui som nuestro Equipo Eudald Saez i Riera E.T. Agr\u00edcola y CEO de Agroassessor Farners Pararols i Mart\u00ed Licenciada en Ciencias Ambientales y postgrado en P.R.L. Raquel Gim\u00e9nez Invernon E.T. Agr\u00edcola Katira Mohamed Pernia Ingeniera agr\u00f3noma Jordina Frigola i Forment\u00ed Licenciada en ciencias pol\u00edticas y postgrado en gesti\u00f3n de Fondos Europeos Anna Manso [&hellip;]","og_url":"https:\/\/agroassessor.com\/es\/quienes-somos\/","og_site_name":"Agroassessor","article_modified_time":"2026-01-30T14:31:16+00:00","og_image":[{"width":778,"height":521,"url":"https:\/\/agroassessor.com\/wp-content\/uploads\/2026\/01\/logo-regen-academy-1.png","type":"image\/png"}],"twitter_card":"summary_large_image","schema":{"@context":"https:\/\/schema.org","@graph":[{"@type":"WebPage","@id":"https:\/\/agroassessor.com\/es\/quienes-somos\/","url":"https:\/\/agroassessor.com\/es\/quienes-somos\/","name":"Qui\u00e9nes somos - Agroassessor","isPartOf":{"@id":"https:\/\/agroassessor.com\/es\/#website"},"primaryImageOfPage":{"@id":"https:\/\/agroassessor.com\/es\/quienes-somos\/#primaryimage"},"image":{"@id":"https:\/\/agroassessor.com\/es\/quienes-somos\/#primaryimage"},"thumbnailUrl":"https:\/\/agroassessor.com\/wp-content\/uploads\/2026\/01\/logo-regen-academy-1.png","datePublished":"2025-10-10T10:22:58+00:00","dateModified":"2026-01-30T14:31:16+00:00","breadcrumb":{"@id":"https:\/\/agroassessor.com\/es\/quienes-somos\/#breadcrumb"},"inLanguage":"es","potentialAction":[{"@type":"ReadAction","target":["https:\/\/agroassessor.com\/es\/quienes-somos\/"]}]},{"@type":"ImageObject","inLanguage":"es","@id":"https:\/\/agroassessor.com\/es\/quienes-somos\/#primaryimage","url":"https:\/\/agroassessor.com\/wp-content\/uploads\/2026\/01\/logo-regen-academy-1.png","contentUrl":"https:\/\/agroassessor.com\/wp-content\/uploads\/2026\/01\/logo-regen-academy-1.png"},{"@type":"BreadcrumbList","@id":"https:\/\/agroassessor.com\/es\/quienes-somos\/#breadcrumb","itemListElement":[{"@type":"ListItem","position":1,"name":"Portada","item":"https:\/\/agroassessor.com\/es\/"},{"@type":"ListItem","position":2,"name":"Qui\u00e9nes somos"}]},{"@type":"WebSite","@id":"https:\/\/agroassessor.com\/es\/#website","url":"https:\/\/agroassessor.com\/es\/","name":"Agroassessor","description":"","potentialAction":[{"@type":"SearchAction","target":{"@type":"EntryPoint","urlTemplate":"https:\/\/agroassessor.com\/es\/?s={search_term_string}"},"query-input":{"@type":"PropertyValueSpecification","valueRequired":true,"valueName":"search_term_string"}}],"inLanguage":"es"}]}},"_links":{"self":[{"href":"https:\/\/agroassessor.com\/es\/wp-json\/wp\/v2\/pages\/1249","targetHints":{"allow":["GET"]}}],"collection":[{"href":"https:\/\/agroassessor.com\/es\/wp-json\/wp\/v2\/pages"}],"about":[{"href":"https:\/\/agroassessor.com\/es\/wp-json\/wp\/v2\/types\/page"}],"author":[{"embeddable":true,"href":"https:\/\/agroassessor.com\/es\/wp-json\/wp\/v2\/users\/2"}],"replies":[{"embeddable":true,"href":"https:\/\/agroassessor.com\/es\/wp-json\/wp\/v2\/comments?post=1249"}],"version-history":[{"count":13,"href":"https:\/\/agroassessor.com\/es\/wp-json\/wp\/v2\/pages\/1249\/revisions"}],"predecessor-version":[{"id":2041,"href":"https:\/\/agroassessor.com\/es\/wp-json\/wp\/v2\/pages\/1249\/revisions\/2041"}],"wp:attachment":[{"href":"https:\/\/agroassessor.com\/es\/wp-json\/wp\/v2\/media?parent=1249"}],"curies":[{"name":"wp","href":"https:\/\/api.w.org\/{rel}","templated":true}]}}