{"id":1882,"date":"2026-01-20T16:40:50","date_gmt":"2026-01-20T15:40:50","guid":{"rendered":"https:\/\/agroassessor.com\/servicios\/"},"modified":"2026-01-23T16:08:43","modified_gmt":"2026-01-23T15:08:43","slug":"servicios","status":"publish","type":"page","link":"https:\/\/agroassessor.com\/es\/servicios\/","title":{"rendered":"Servicios"},"content":{"rendered":"\t\t<div data-elementor-type=\"wp-page\" data-elementor-id=\"1882\" class=\"elementor elementor-1882 elementor-1595\" data-elementor-post-type=\"page\">\n\t\t\t\t<div class=\"elementor-element elementor-element-3694d05e e-flex e-con-boxed e-con e-parent\" data-id=\"3694d05e\" data-element_type=\"container\" data-e-type=\"container\" data-settings=\"{&quot;background_background&quot;:&quot;classic&quot;}\">\n\t\t\t\t\t<div class=\"e-con-inner\">\n\t\t<div class=\"elementor-element elementor-element-68f0f6af e-con-full e-flex e-con e-child\" data-id=\"68f0f6af\" data-element_type=\"container\" data-e-type=\"container\">\n\t\t\t\t<div class=\"elementor-element elementor-element-6f7f4c8f elementor-widget elementor-widget-gum_heading\" data-id=\"6f7f4c8f\" data-element_type=\"widget\" data-e-type=\"widget\" data-widget_type=\"gum_heading.default\">\n\t\t\t\t<div class=\"elementor-widget-container\">\n\t\t\t\t\t<div class=\"gum-widget-title\"><h2 class=\"section-main-title size-default\">Servicios<\/h2><\/div>\t\t\t\t<\/div>\n\t\t\t\t<\/div>\n\t\t\t\t<div class=\"elementor-element elementor-element-14b35e6b elementor-widget elementor-widget-gum_heading\" data-id=\"14b35e6b\" data-element_type=\"widget\" data-e-type=\"widget\" data-widget_type=\"gum_heading.default\">\n\t\t\t\t<div class=\"elementor-widget-container\">\n\t\t\t\t\t<div class=\"gum-widget-title\"><h2 class=\"section-main-title size-default\"><span class=\"prefix\"><\/span><span class=\"maintitle\">Inici \/ <\/span><span class=\"subfix\">Serveis<\/span><\/h2><\/div>\t\t\t\t<\/div>\n\t\t\t\t<\/div>\n\t\t\t\t<\/div>\n\t\t\t\t\t<\/div>\n\t\t\t\t<\/div>\n\t\t<div class=\"elementor-element elementor-element-4292f8ec e-con-full e-flex e-con e-parent\" data-id=\"4292f8ec\" data-element_type=\"container\" data-e-type=\"container\">\n\t\t<div class=\"elementor-element elementor-element-d1dfaaf e-con-full animated-slow e-flex elementor-invisible e-con e-child\" data-id=\"d1dfaaf\" data-element_type=\"container\" data-e-type=\"container\" data-settings=\"{&quot;animation&quot;:&quot;fadeIn&quot;}\">\n\t\t\t\t<div class=\"elementor-element elementor-element-8d379e9 elementor-widget elementor-widget-heading\" data-id=\"8d379e9\" data-element_type=\"widget\" data-e-type=\"widget\" data-widget_type=\"heading.default\">\n\t\t\t\t<div class=\"elementor-widget-container\">\n\t\t\t\t\t<h2 class=\"elementor-heading-title elementor-size-default\">Servicios<\/h2>\t\t\t\t<\/div>\n\t\t\t\t<\/div>\n\t\t\t\t<\/div>\n\t\t<div class=\"elementor-element elementor-element-39dd2bbb e-con-full animated-slow e-flex elementor-invisible e-con e-child\" data-id=\"39dd2bbb\" data-element_type=\"container\" data-e-type=\"container\" data-settings=\"{&quot;animation&quot;:&quot;fadeInUp&quot;}\">\n\t\t<div class=\"elementor-element elementor-element-3544cbb e-con-full e-flex e-con e-child\" data-id=\"3544cbb\" data-element_type=\"container\" data-e-type=\"container\">\n\t\t\t\t<div class=\"elementor-element elementor-element-f381176 elementor-widget elementor-widget-image\" data-id=\"f381176\" data-element_type=\"widget\" data-e-type=\"widget\" data-widget_type=\"image.default\">\n\t\t\t\t<div class=\"elementor-widget-container\">\n\t\t\t\t\t\t\t\t\t\t\t\t\t\t\t<img fetchpriority=\"high\" decoding=\"async\" width=\"931\" height=\"1396\" src=\"https:\/\/agroassessor.com\/wp-content\/uploads\/2026\/01\/SERVEI-GESTIO-DUN.jpg\" class=\"attachment-full size-full wp-image-1877\" alt=\"gestion DUN\" srcset=\"https:\/\/agroassessor.com\/wp-content\/uploads\/2026\/01\/SERVEI-GESTIO-DUN.jpg 931w, https:\/\/agroassessor.com\/wp-content\/uploads\/2026\/01\/SERVEI-GESTIO-DUN-200x300.jpg 200w, https:\/\/agroassessor.com\/wp-content\/uploads\/2026\/01\/SERVEI-GESTIO-DUN-683x1024.jpg 683w, https:\/\/agroassessor.com\/wp-content\/uploads\/2026\/01\/SERVEI-GESTIO-DUN-768x1152.jpg 768w\" sizes=\"(max-width: 931px) 100vw, 931px\" \/>\t\t\t\t\t\t\t\t\t\t\t\t\t\t\t<\/div>\n\t\t\t\t<\/div>\n\t\t\t\t<\/div>\n\t\t\t\t<div class=\"elementor-element elementor-element-7997ac9 elementor-widget elementor-widget-menu-anchor\" data-id=\"7997ac9\" data-element_type=\"widget\" data-e-type=\"widget\" data-widget_type=\"menu-anchor.default\">\n\t\t\t\t<div class=\"elementor-widget-container\">\n\t\t\t\t\t\t\t<div class=\"elementor-menu-anchor\" id=\"DUN\"><\/div>\n\t\t\t\t\t\t<\/div>\n\t\t\t\t<\/div>\n\t\t<div class=\"elementor-element elementor-element-2e9d07f e-con-full e-flex e-con e-child\" data-id=\"2e9d07f\" data-element_type=\"container\" data-e-type=\"container\">\n\t\t\t\t<div class=\"elementor-element elementor-element-e0e497f elementor-widget elementor-widget-heading\" data-id=\"e0e497f\" data-element_type=\"widget\" data-e-type=\"widget\" data-widget_type=\"heading.default\">\n\t\t\t\t<div class=\"elementor-widget-container\">\n\t\t\t\t\t<h2 class=\"elementor-heading-title elementor-size-default\">Gesti\u00f3n de la DUN y Ayudas PAC<\/h2>\t\t\t\t<\/div>\n\t\t\t\t<\/div>\n\t\t\t\t<div class=\"elementor-element elementor-element-73189a0 elementor-widget elementor-widget-text-editor\" data-id=\"73189a0\" data-element_type=\"widget\" data-e-type=\"widget\" data-widget_type=\"text-editor.default\">\n\t\t\t\t<div class=\"elementor-widget-container\">\n\t\t\t\t\t\t\t\t\t<p>Gestionamos tu Declaraci\u00f3n \u00danica Agraria para garantizar el cobro de ayudas y el<br>cumplimiento de la condicionalidad.<\/p><ul><li>Tramitaci\u00f3n, seguimiento y asesoramiento t\u00e9cnico para garantizar el cumplimiento de la<br>normativa y acceso correcto a las ayudas de la DUN.<\/li><li>Gesti\u00f3n integral de las ayudas del paquete del Contrato Global de Explotaci\u00f3n; dentro del cual se encuentran Mejora de la Competitividad, Mitigaci\u00f3n del Cambio Clim\u00e1tico, Diversificaci\u00f3n Agraria y Primera Instalaci\u00f3n de J\u00f3venes Agricultores.<\/li><li>Ayuda de la reestructuraci\u00f3n y\/o reconversi\u00f3n del vi\u00f1edo.<\/li><li>Asesoramiento en todo tipo de ayudas por empresas agroalimentarias.<\/li><\/ul>\t\t\t\t\t\t\t\t<\/div>\n\t\t\t\t<\/div>\n\t\t\t\t<\/div>\n\t\t\t\t<\/div>\n\t\t\t\t<\/div>\n\t\t<div class=\"elementor-element elementor-element-6fb8600 e-con-full e-flex e-con e-parent\" data-id=\"6fb8600\" data-element_type=\"container\" data-e-type=\"container\" data-settings=\"{&quot;background_background&quot;:&quot;classic&quot;}\">\n\t\t<div class=\"elementor-element elementor-element-6a3f773 e-con-full animated-slow e-flex elementor-invisible e-con e-child\" data-id=\"6a3f773\" data-element_type=\"container\" data-e-type=\"container\" data-settings=\"{&quot;animation&quot;:&quot;fadeInUp&quot;,&quot;background_background&quot;:&quot;classic&quot;}\">\n\t\t<div class=\"elementor-element elementor-element-d0a6058 e-con-full e-flex e-con e-child\" data-id=\"d0a6058\" data-element_type=\"container\" data-e-type=\"container\">\n\t\t\t\t<div class=\"elementor-element elementor-element-4e614be elementor-widget elementor-widget-heading\" data-id=\"4e614be\" data-element_type=\"widget\" data-e-type=\"widget\" data-widget_type=\"heading.default\">\n\t\t\t\t<div class=\"elementor-widget-container\">\n\t\t\t\t\t<h2 class=\"elementor-heading-title elementor-size-default\">Gesti\u00f3n ganadera y oficina t\u00e9cnica<\/h2>\t\t\t\t<\/div>\n\t\t\t\t<\/div>\n\t\t\t\t<div class=\"elementor-element elementor-element-e64006f elementor-widget elementor-widget-text-editor\" data-id=\"e64006f\" data-element_type=\"widget\" data-e-type=\"widget\" data-widget_type=\"text-editor.default\">\n\t\t\t\t<div class=\"elementor-widget-container\">\n\t\t\t\t\t\t\t\t\t<p>Control de los registros obligatorios por la ganader\u00eda para realizar tr\u00e1mites y optimizar la log\u00edstica de fertilizantes org\u00e1nicos.<\/p><ul><li>Tramitaci\u00f3n de la DAN y optimizaci\u00f3n de planes de fertilizaci\u00f3n seg\u00fan normativa.<\/li><li>Valoraciones de fincas, memorias t\u00e9cnicas y proyectos agr\u00edcolas y ganaderos y eficiencia energ\u00e9tica.<\/li><li>Registros ganaderos.<\/li><\/ul>\t\t\t\t\t\t\t\t<\/div>\n\t\t\t\t<\/div>\n\t\t\t\t<\/div>\n\t\t\t\t<div class=\"elementor-element elementor-element-8229765 elementor-widget elementor-widget-menu-anchor\" data-id=\"8229765\" data-element_type=\"widget\" data-e-type=\"widget\" data-widget_type=\"menu-anchor.default\">\n\t\t\t\t<div class=\"elementor-widget-container\">\n\t\t\t\t\t\t\t<div class=\"elementor-menu-anchor\" id=\"gestio-ramadera\"><\/div>\n\t\t\t\t\t\t<\/div>\n\t\t\t\t<\/div>\n\t\t<div class=\"elementor-element elementor-element-3f6328b e-con-full e-flex e-con e-child\" data-id=\"3f6328b\" data-element_type=\"container\" data-e-type=\"container\">\n\t\t\t\t<div class=\"elementor-element elementor-element-b8b0720 elementor-widget elementor-widget-image\" data-id=\"b8b0720\" data-element_type=\"widget\" data-e-type=\"widget\" data-widget_type=\"image.default\">\n\t\t\t\t<div class=\"elementor-widget-container\">\n\t\t\t\t\t\t\t\t\t\t\t\t\t\t\t<img decoding=\"async\" width=\"606\" height=\"341\" src=\"https:\/\/agroassessor.com\/wp-content\/uploads\/2026\/01\/SERVEI-GESTIO-RAMADERA.jpg\" class=\"attachment-large size-large wp-image-1878\" alt=\"vaca\" srcset=\"https:\/\/agroassessor.com\/wp-content\/uploads\/2026\/01\/SERVEI-GESTIO-RAMADERA.jpg 606w, https:\/\/agroassessor.com\/wp-content\/uploads\/2026\/01\/SERVEI-GESTIO-RAMADERA-300x169.jpg 300w\" sizes=\"(max-width: 606px) 100vw, 606px\" \/>\t\t\t\t\t\t\t\t\t\t\t\t\t\t\t<\/div>\n\t\t\t\t<\/div>\n\t\t\t\t<\/div>\n\t\t\t\t<\/div>\n\t\t\t\t<\/div>\n\t\t<div class=\"elementor-element elementor-element-f205f9f e-con-full e-flex e-con e-parent\" data-id=\"f205f9f\" data-element_type=\"container\" data-e-type=\"container\">\n\t\t<div class=\"elementor-element elementor-element-3b9b524 e-con-full animated-slow e-flex elementor-invisible e-con e-child\" data-id=\"3b9b524\" data-element_type=\"container\" data-e-type=\"container\" data-settings=\"{&quot;animation&quot;:&quot;fadeInUp&quot;}\">\n\t\t<div class=\"elementor-element elementor-element-e05dadf e-con-full e-flex e-con e-child\" data-id=\"e05dadf\" data-element_type=\"container\" data-e-type=\"container\">\n\t\t\t\t<div class=\"elementor-element elementor-element-5f42890 elementor-widget elementor-widget-image\" data-id=\"5f42890\" data-element_type=\"widget\" data-e-type=\"widget\" data-widget_type=\"image.default\">\n\t\t\t\t<div class=\"elementor-widget-container\">\n\t\t\t\t\t\t\t\t\t\t\t\t\t\t\t<img decoding=\"async\" width=\"800\" height=\"533\" src=\"https:\/\/agroassessor.com\/wp-content\/uploads\/2025\/10\/consultoria-online-1024x682.jpeg\" class=\"attachment-large size-large wp-image-1129\" alt=\"cuaderno de campo\" srcset=\"https:\/\/agroassessor.com\/wp-content\/uploads\/2025\/10\/consultoria-online-1024x682.jpeg 1024w, https:\/\/agroassessor.com\/wp-content\/uploads\/2025\/10\/consultoria-online-300x200.jpeg 300w, https:\/\/agroassessor.com\/wp-content\/uploads\/2025\/10\/consultoria-online-768x512.jpeg 768w, https:\/\/agroassessor.com\/wp-content\/uploads\/2025\/10\/consultoria-online.jpeg 1139w\" sizes=\"(max-width: 800px) 100vw, 800px\" \/>\t\t\t\t\t\t\t\t\t\t\t\t\t\t\t<\/div>\n\t\t\t\t<\/div>\n\t\t\t\t<\/div>\n\t\t\t\t<div class=\"elementor-element elementor-element-2a41a92 elementor-widget elementor-widget-menu-anchor\" data-id=\"2a41a92\" data-element_type=\"widget\" data-e-type=\"widget\" data-widget_type=\"menu-anchor.default\">\n\t\t\t\t<div class=\"elementor-widget-container\">\n\t\t\t\t\t\t\t<div class=\"elementor-menu-anchor\" id=\"quadern\"><\/div>\n\t\t\t\t\t\t<\/div>\n\t\t\t\t<\/div>\n\t\t<div class=\"elementor-element elementor-element-33ab0c8 e-con-full e-flex e-con e-child\" data-id=\"33ab0c8\" data-element_type=\"container\" data-e-type=\"container\">\n\t\t\t\t<div class=\"elementor-element elementor-element-85995b3 elementor-widget elementor-widget-heading\" data-id=\"85995b3\" data-element_type=\"widget\" data-e-type=\"widget\" data-widget_type=\"heading.default\">\n\t\t\t\t<div class=\"elementor-widget-container\">\n\t\t\t\t\t<h2 class=\"elementor-heading-title elementor-size-default\">Cuaderno de Campo<\/h2>\t\t\t\t<\/div>\n\t\t\t\t<\/div>\n\t\t\t\t<div class=\"elementor-element elementor-element-d80ae0d elementor-widget elementor-widget-text-editor\" data-id=\"d80ae0d\" data-element_type=\"widget\" data-e-type=\"widget\" data-widget_type=\"text-editor.default\">\n\t\t\t\t<div class=\"elementor-widget-container\">\n\t\t\t\t\t\t\t\t\t<p>Digitalizaci\u00f3n y mantenimiento del Cuaderno Integral de Explotaci\u00f3n de acuerdo a la normativa vigente.<\/p><ul><li>Registro de los tratamientos fitosanitarios y aplicaci\u00f3n de fertilizantes.<\/li><li>Control de trazabilidad y cumplimiento de la normativa de uso sostenible de productos qu\u00edmicos.<\/li><li>Asesoramiento t\u00e9cnico en gesti\u00f3n integrada de plagas. Tr\u00e1mites en producci\u00f3n ecol\u00f3gica (CCPAE). <\/li><\/ul>\t\t\t\t\t\t\t\t<\/div>\n\t\t\t\t<\/div>\n\t\t\t\t<\/div>\n\t\t\t\t<\/div>\n\t\t\t\t<\/div>\n\t\t<div class=\"elementor-element elementor-element-b1b7336 e-con-full e-flex e-con e-parent\" data-id=\"b1b7336\" data-element_type=\"container\" data-e-type=\"container\" data-settings=\"{&quot;background_background&quot;:&quot;classic&quot;}\">\n\t\t<div class=\"elementor-element elementor-element-0d42f00 e-con-full animated-slow e-flex elementor-invisible e-con e-child\" data-id=\"0d42f00\" data-element_type=\"container\" data-e-type=\"container\" data-settings=\"{&quot;animation&quot;:&quot;fadeInUp&quot;}\">\n\t\t<div class=\"elementor-element elementor-element-ba771bb e-con-full e-flex e-con e-child\" data-id=\"ba771bb\" data-element_type=\"container\" data-e-type=\"container\">\n\t\t\t\t<div class=\"elementor-element elementor-element-2da97f3 elementor-widget elementor-widget-heading\" data-id=\"2da97f3\" data-element_type=\"widget\" data-e-type=\"widget\" data-widget_type=\"heading.default\">\n\t\t\t\t<div class=\"elementor-widget-container\">\n\t\t\t\t\t<h2 class=\"elementor-heading-title elementor-size-default\">Tr\u00e1mites Administrativos y seguros<\/h2>\t\t\t\t<\/div>\n\t\t\t\t<\/div>\n\t\t\t\t<div class=\"elementor-element elementor-element-7d10e7d elementor-widget elementor-widget-text-editor\" data-id=\"7d10e7d\" data-element_type=\"widget\" data-e-type=\"widget\" data-widget_type=\"text-editor.default\">\n\t\t\t\t<div class=\"elementor-widget-container\">\n\t\t\t\t\t\t\t\t\t<p>Apoyo t\u00e9cnico para el acceso a fondos espec\u00edficos y tr\u00e1mites recurrentes de la administraci\u00f3n.<\/p><ul><li>Tramitaci\u00f3n de p\u00f3lizas de Agroseguro, agr\u00edcolas y ganaderas.<\/li><li>Devoluci\u00f3n del impuesto especial sobre el gas\u00f3leo agr\u00edcola.<\/li><li>Otros tr\u00e1mites administrativos; ROMA, liquidaci\u00f3n de contratos de arrendamiento&#8230;<\/li><li>Tr\u00e1mites con la plataforma e-RVC, Registro Vitivin\u00edcola de Catalunya.<\/li><\/ul>\t\t\t\t\t\t\t\t<\/div>\n\t\t\t\t<\/div>\n\t\t\t\t<\/div>\n\t\t\t\t<div class=\"elementor-element elementor-element-dbf8031 elementor-widget elementor-widget-menu-anchor\" data-id=\"dbf8031\" data-element_type=\"widget\" data-e-type=\"widget\" data-widget_type=\"menu-anchor.default\">\n\t\t\t\t<div class=\"elementor-widget-container\">\n\t\t\t\t\t\t\t<div class=\"elementor-menu-anchor\" id=\"tramits\"><\/div>\n\t\t\t\t\t\t<\/div>\n\t\t\t\t<\/div>\n\t\t<div class=\"elementor-element elementor-element-e674ec8 e-con-full e-flex e-con e-child\" data-id=\"e674ec8\" data-element_type=\"container\" data-e-type=\"container\">\n\t\t\t\t<div class=\"elementor-element elementor-element-10e7de5 elementor-widget elementor-widget-image\" data-id=\"10e7de5\" data-element_type=\"widget\" data-e-type=\"widget\" data-widget_type=\"image.default\">\n\t\t\t\t<div class=\"elementor-widget-container\">\n\t\t\t\t\t\t\t\t\t\t\t\t\t\t\t<img loading=\"lazy\" decoding=\"async\" width=\"800\" height=\"534\" src=\"https:\/\/agroassessor.com\/wp-content\/uploads\/2026\/01\/SERVEI-TRAMITS-ADMINISTRATIUS-1024x683.jpg\" class=\"attachment-large size-large wp-image-1879\" alt=\"escritorio\" srcset=\"https:\/\/agroassessor.com\/wp-content\/uploads\/2026\/01\/SERVEI-TRAMITS-ADMINISTRATIUS-1024x683.jpg 1024w, https:\/\/agroassessor.com\/wp-content\/uploads\/2026\/01\/SERVEI-TRAMITS-ADMINISTRATIUS-300x200.jpg 300w, https:\/\/agroassessor.com\/wp-content\/uploads\/2026\/01\/SERVEI-TRAMITS-ADMINISTRATIUS-768x512.jpg 768w, https:\/\/agroassessor.com\/wp-content\/uploads\/2026\/01\/SERVEI-TRAMITS-ADMINISTRATIUS.jpg 1416w\" sizes=\"(max-width: 800px) 100vw, 800px\" \/>\t\t\t\t\t\t\t\t\t\t\t\t\t\t\t<\/div>\n\t\t\t\t<\/div>\n\t\t\t\t<\/div>\n\t\t\t\t<\/div>\n\t\t\t\t<\/div>\n\t\t<div class=\"elementor-element elementor-element-c348d27 e-flex e-con-boxed e-con e-parent\" data-id=\"c348d27\" data-element_type=\"container\" data-e-type=\"container\" data-settings=\"{&quot;background_background&quot;:&quot;classic&quot;}\">\n\t\t\t\t\t<div class=\"e-con-inner\">\n\t\t<div class=\"elementor-element elementor-element-178602c e-con-full animated-slow e-flex elementor-invisible e-con e-child\" data-id=\"178602c\" data-element_type=\"container\" data-e-type=\"container\" data-settings=\"{&quot;animation&quot;:&quot;fadeIn&quot;}\">\n\t\t\t\t<div class=\"elementor-element elementor-element-dae70e1 elementor-widget elementor-widget-heading\" data-id=\"dae70e1\" data-element_type=\"widget\" data-e-type=\"widget\" data-widget_type=\"heading.default\">\n\t\t\t\t<div class=\"elementor-widget-container\">\n\t\t\t\t\t<h2 class=\"elementor-heading-title elementor-size-default\">Estamos aqu\u00ed para ayudarte<\/h2>\t\t\t\t<\/div>\n\t\t\t\t<\/div>\n\t\t\t\t<div class=\"elementor-element elementor-element-b2cee86 elementor-widget elementor-widget-text-editor\" data-id=\"b2cee86\" data-element_type=\"widget\" data-e-type=\"widget\" data-widget_type=\"text-editor.default\">\n\t\t\t\t<div class=\"elementor-widget-container\">\n\t\t\t\t\t\t\t\t\t<p>Ll\u00e1manos, escr\u00edbenos, o ponte en contacto con nosotros.<\/p>\t\t\t\t\t\t\t\t<\/div>\n\t\t\t\t<\/div>\n\t\t\t\t<div class=\"elementor-element elementor-element-451accc elementor-align-center elementor-mobile-align-justify elementor-widget elementor-widget-button\" data-id=\"451accc\" data-element_type=\"widget\" data-e-type=\"widget\" data-widget_type=\"button.default\">\n\t\t\t\t<div class=\"elementor-widget-container\">\n\t\t\t\t\t\t\t\t\t<div class=\"elementor-button-wrapper\">\n\t\t\t\t\t<a class=\"elementor-button elementor-button-link elementor-size-sm\" href=\"https:\/\/agroassessor.com\/es\/contacto\/\">\n\t\t\t\t\t\t<span class=\"elementor-button-content-wrapper\">\n\t\t\t\t\t\t<span class=\"elementor-button-icon\">\n\t\t\t\t<i aria-hidden=\"true\" class=\"fas fa-arrow-right\"><\/i>\t\t\t<\/span>\n\t\t\t\t\t\t\t\t\t<span class=\"elementor-button-text\">Env\u00edanos un mensaje<\/span>\n\t\t\t\t\t<\/span>\n\t\t\t\t\t<\/a>\n\t\t\t\t<\/div>\n\t\t\t\t\t\t\t\t<\/div>\n\t\t\t\t<\/div>\n\t\t\t\t<\/div>\n\t\t\t\t\t<\/div>\n\t\t\t\t<\/div>\n\t\t\t\t<\/div>\n\t\t","protected":false},"excerpt":{"rendered":"<p>Serveis Inici \/ Serveis Servicios Gesti\u00f3n de la DUN y Ayudas PAC Gestionamos tu Declaraci\u00f3n \u00danica Agraria para garantizar el cobro de ayudas y elcumplimiento de la condicionalidad. Tramitaci\u00f3n, seguimiento y asesoramiento t\u00e9cnico para garantizar el cumplimiento de lanormativa y acceso correcto a las ayudas de la DUN. Gesti\u00f3n integral de las ayudas del paquete [&hellip;]<\/p>\n","protected":false},"author":2,"featured_media":0,"parent":0,"menu_order":0,"comment_status":"closed","ping_status":"closed","template":"elementor_header_footer","meta":{"_joinchat":[],"footnotes":""},"class_list":["post-1882","page","type-page","status-publish","hentry"],"yoast_head":"<!-- This site is optimized with the Yoast SEO plugin v27.3 - https:\/\/yoast.com\/product\/yoast-seo-wordpress\/ -->\n<title>Servicios - Agroassessor<\/title>\n<meta name=\"robots\" content=\"index, follow, max-snippet:-1, max-image-preview:large, max-video-preview:-1\" \/>\n<link rel=\"canonical\" href=\"https:\/\/agroassessor.com\/es\/servicios\/\" \/>\n<meta property=\"og:locale\" content=\"es_ES\" \/>\n<meta property=\"og:type\" content=\"article\" \/>\n<meta property=\"og:title\" content=\"Servicios - Agroassessor\" \/>\n<meta property=\"og:description\" content=\"Serveis Inici \/ Serveis Servicios Gesti\u00f3n de la DUN y Ayudas PAC Gestionamos tu Declaraci\u00f3n \u00danica Agraria para garantizar el cobro de ayudas y elcumplimiento de la condicionalidad. Tramitaci\u00f3n, seguimiento y asesoramiento t\u00e9cnico para garantizar el cumplimiento de lanormativa y acceso correcto a las ayudas de la DUN. Gesti\u00f3n integral de las ayudas del paquete [&hellip;]\" \/>\n<meta property=\"og:url\" content=\"https:\/\/agroassessor.com\/es\/servicios\/\" \/>\n<meta property=\"og:site_name\" content=\"Agroassessor\" \/>\n<meta property=\"article:modified_time\" content=\"2026-01-23T15:08:43+00:00\" \/>\n<meta property=\"og:image\" content=\"https:\/\/agroassessor.com\/wp-content\/uploads\/2026\/01\/SERVEI-GESTIO-DUN.jpg\" \/>\n<meta name=\"twitter:card\" content=\"summary_large_image\" \/>\n<meta name=\"twitter:label1\" content=\"Tiempo de lectura\" \/>\n\t<meta name=\"twitter:data1\" content=\"2 minutos\" \/>\n<script type=\"application\/ld+json\" class=\"yoast-schema-graph\">{\"@context\":\"https:\\\/\\\/schema.org\",\"@graph\":[{\"@type\":\"WebPage\",\"@id\":\"https:\\\/\\\/agroassessor.com\\\/es\\\/servicios\\\/\",\"url\":\"https:\\\/\\\/agroassessor.com\\\/es\\\/servicios\\\/\",\"name\":\"Servicios - Agroassessor\",\"isPartOf\":{\"@id\":\"https:\\\/\\\/agroassessor.com\\\/es\\\/#website\"},\"primaryImageOfPage\":{\"@id\":\"https:\\\/\\\/agroassessor.com\\\/es\\\/servicios\\\/#primaryimage\"},\"image\":{\"@id\":\"https:\\\/\\\/agroassessor.com\\\/es\\\/servicios\\\/#primaryimage\"},\"thumbnailUrl\":\"https:\\\/\\\/agroassessor.com\\\/wp-content\\\/uploads\\\/2026\\\/01\\\/SERVEI-GESTIO-DUN.jpg\",\"datePublished\":\"2026-01-20T15:40:50+00:00\",\"dateModified\":\"2026-01-23T15:08:43+00:00\",\"breadcrumb\":{\"@id\":\"https:\\\/\\\/agroassessor.com\\\/es\\\/servicios\\\/#breadcrumb\"},\"inLanguage\":\"es\",\"potentialAction\":[{\"@type\":\"ReadAction\",\"target\":[\"https:\\\/\\\/agroassessor.com\\\/es\\\/servicios\\\/\"]}]},{\"@type\":\"ImageObject\",\"inLanguage\":\"es\",\"@id\":\"https:\\\/\\\/agroassessor.com\\\/es\\\/servicios\\\/#primaryimage\",\"url\":\"https:\\\/\\\/agroassessor.com\\\/wp-content\\\/uploads\\\/2026\\\/01\\\/SERVEI-GESTIO-DUN.jpg\",\"contentUrl\":\"https:\\\/\\\/agroassessor.com\\\/wp-content\\\/uploads\\\/2026\\\/01\\\/SERVEI-GESTIO-DUN.jpg\"},{\"@type\":\"BreadcrumbList\",\"@id\":\"https:\\\/\\\/agroassessor.com\\\/es\\\/servicios\\\/#breadcrumb\",\"itemListElement\":[{\"@type\":\"ListItem\",\"position\":1,\"name\":\"Portada\",\"item\":\"https:\\\/\\\/agroassessor.com\\\/es\\\/\"},{\"@type\":\"ListItem\",\"position\":2,\"name\":\"Servicios\"}]},{\"@type\":\"WebSite\",\"@id\":\"https:\\\/\\\/agroassessor.com\\\/es\\\/#website\",\"url\":\"https:\\\/\\\/agroassessor.com\\\/es\\\/\",\"name\":\"Agroassessor\",\"description\":\"\",\"potentialAction\":[{\"@type\":\"SearchAction\",\"target\":{\"@type\":\"EntryPoint\",\"urlTemplate\":\"https:\\\/\\\/agroassessor.com\\\/es\\\/?s={search_term_string}\"},\"query-input\":{\"@type\":\"PropertyValueSpecification\",\"valueRequired\":true,\"valueName\":\"search_term_string\"}}],\"inLanguage\":\"es\"}]}<\/script>\n<!-- \/ Yoast SEO plugin. -->","yoast_head_json":{"title":"Servicios - Agroassessor","robots":{"index":"index","follow":"follow","max-snippet":"max-snippet:-1","max-image-preview":"max-image-preview:large","max-video-preview":"max-video-preview:-1"},"canonical":"https:\/\/agroassessor.com\/es\/servicios\/","og_locale":"es_ES","og_type":"article","og_title":"Servicios - Agroassessor","og_description":"Serveis Inici \/ Serveis Servicios Gesti\u00f3n de la DUN y Ayudas PAC Gestionamos tu Declaraci\u00f3n \u00danica Agraria para garantizar el cobro de ayudas y elcumplimiento de la condicionalidad. Tramitaci\u00f3n, seguimiento y asesoramiento t\u00e9cnico para garantizar el cumplimiento de lanormativa y acceso correcto a las ayudas de la DUN. Gesti\u00f3n integral de las ayudas del paquete [&hellip;]","og_url":"https:\/\/agroassessor.com\/es\/servicios\/","og_site_name":"Agroassessor","article_modified_time":"2026-01-23T15:08:43+00:00","og_image":[{"url":"https:\/\/agroassessor.com\/wp-content\/uploads\/2026\/01\/SERVEI-GESTIO-DUN.jpg","type":"","width":"","height":""}],"twitter_card":"summary_large_image","twitter_misc":{"Tiempo de lectura":"2 minutos"},"schema":{"@context":"https:\/\/schema.org","@graph":[{"@type":"WebPage","@id":"https:\/\/agroassessor.com\/es\/servicios\/","url":"https:\/\/agroassessor.com\/es\/servicios\/","name":"Servicios - Agroassessor","isPartOf":{"@id":"https:\/\/agroassessor.com\/es\/#website"},"primaryImageOfPage":{"@id":"https:\/\/agroassessor.com\/es\/servicios\/#primaryimage"},"image":{"@id":"https:\/\/agroassessor.com\/es\/servicios\/#primaryimage"},"thumbnailUrl":"https:\/\/agroassessor.com\/wp-content\/uploads\/2026\/01\/SERVEI-GESTIO-DUN.jpg","datePublished":"2026-01-20T15:40:50+00:00","dateModified":"2026-01-23T15:08:43+00:00","breadcrumb":{"@id":"https:\/\/agroassessor.com\/es\/servicios\/#breadcrumb"},"inLanguage":"es","potentialAction":[{"@type":"ReadAction","target":["https:\/\/agroassessor.com\/es\/servicios\/"]}]},{"@type":"ImageObject","inLanguage":"es","@id":"https:\/\/agroassessor.com\/es\/servicios\/#primaryimage","url":"https:\/\/agroassessor.com\/wp-content\/uploads\/2026\/01\/SERVEI-GESTIO-DUN.jpg","contentUrl":"https:\/\/agroassessor.com\/wp-content\/uploads\/2026\/01\/SERVEI-GESTIO-DUN.jpg"},{"@type":"BreadcrumbList","@id":"https:\/\/agroassessor.com\/es\/servicios\/#breadcrumb","itemListElement":[{"@type":"ListItem","position":1,"name":"Portada","item":"https:\/\/agroassessor.com\/es\/"},{"@type":"ListItem","position":2,"name":"Servicios"}]},{"@type":"WebSite","@id":"https:\/\/agroassessor.com\/es\/#website","url":"https:\/\/agroassessor.com\/es\/","name":"Agroassessor","description":"","potentialAction":[{"@type":"SearchAction","target":{"@type":"EntryPoint","urlTemplate":"https:\/\/agroassessor.com\/es\/?s={search_term_string}"},"query-input":{"@type":"PropertyValueSpecification","valueRequired":true,"valueName":"search_term_string"}}],"inLanguage":"es"}]}},"_links":{"self":[{"href":"https:\/\/agroassessor.com\/es\/wp-json\/wp\/v2\/pages\/1882","targetHints":{"allow":["GET"]}}],"collection":[{"href":"https:\/\/agroassessor.com\/es\/wp-json\/wp\/v2\/pages"}],"about":[{"href":"https:\/\/agroassessor.com\/es\/wp-json\/wp\/v2\/types\/page"}],"author":[{"embeddable":true,"href":"https:\/\/agroassessor.com\/es\/wp-json\/wp\/v2\/users\/2"}],"replies":[{"embeddable":true,"href":"https:\/\/agroassessor.com\/es\/wp-json\/wp\/v2\/comments?post=1882"}],"version-history":[{"count":3,"href":"https:\/\/agroassessor.com\/es\/wp-json\/wp\/v2\/pages\/1882\/revisions"}],"predecessor-version":[{"id":1900,"href":"https:\/\/agroassessor.com\/es\/wp-json\/wp\/v2\/pages\/1882\/revisions\/1900"}],"wp:attachment":[{"href":"https:\/\/agroassessor.com\/es\/wp-json\/wp\/v2\/media?parent=1882"}],"curies":[{"name":"wp","href":"https:\/\/api.w.org\/{rel}","templated":true}]}}